{"id":12,"date":"2026-05-04T10:07:58","date_gmt":"2026-05-04T03:07:58","guid":{"rendered":"https:\/\/yao881.com\/?page_id=12"},"modified":"2026-05-04T10:10:55","modified_gmt":"2026-05-04T03:10:55","slug":"ao88","status":"publish","type":"page","link":"https:\/\/yao881.com\/","title":{"rendered":"AO88"},"content":{"rendered":"\t<div class=\"img has-hover x md-x lg-x y md-y lg-y\" id=\"image_926788171\">\n\t\t\t\t\t\t\t\t<div class=\"img-inner dark\" >\n\t\t\t<img loading=\"lazy\" decoding=\"async\" width=\"1920\" height=\"600\" src=\"https:\/\/yao881.com\/wp-content\/uploads\/2026\/05\/banner-nha-cai-ao88-chinh-thuc-choi-game-tha-ga-hoan-tien-cuc-da.webp\" class=\"attachment-original size-original\" alt=\"banner nh\u00e0 c\u00e1i AO88 ch\u00ednh th\u1ee9c, ch\u01a1i game th\u1ea3 ga, ho\u00e0n ti\u1ec1n c\u1ef1c \u0111\u00e3\" srcset=\"https:\/\/yao881.com\/wp-content\/uploads\/2026\/05\/banner-nha-cai-ao88-chinh-thuc-choi-game-tha-ga-hoan-tien-cuc-da.webp 1920w, https:\/\/yao881.com\/wp-content\/uploads\/2026\/05\/banner-nha-cai-ao88-chinh-thuc-choi-game-tha-ga-hoan-tien-cuc-da-300x94.webp 300w, https:\/\/yao881.com\/wp-content\/uploads\/2026\/05\/banner-nha-cai-ao88-chinh-thuc-choi-game-tha-ga-hoan-tien-cuc-da-1024x320.webp 1024w, https:\/\/yao881.com\/wp-content\/uploads\/2026\/05\/banner-nha-cai-ao88-chinh-thuc-choi-game-tha-ga-hoan-tien-cuc-da-768x240.webp 768w, https:\/\/yao881.com\/wp-content\/uploads\/2026\/05\/banner-nha-cai-ao88-chinh-thuc-choi-game-tha-ga-hoan-tien-cuc-da-1536x480.webp 1536w\" sizes=\"auto, (max-width: 1920px) 100vw, 1920px\" \/>\t\t\t\t\t\t\n\t\t\t\t\t<\/div>\n\t\t\t\t\t\t\t\t\n<style>\n#image_926788171 {\n  width: 100%;\n}\n<\/style>\n\t<\/div>\n\t\n","protected":false},"excerpt":{"rendered":"","protected":false},"author":1,"featured_media":0,"parent":0,"menu_order":0,"comment_status":"closed","ping_status":"closed","template":"page-blank.php","meta":{"footnotes":""},"class_list":["post-12","page","type-page","status-publish","hentry"],"_links":{"self":[{"href":"https:\/\/yao881.com\/index.php\/wp-json\/wp\/v2\/pages\/12","targetHints":{"allow":["GET"]}}],"collection":[{"href":"https:\/\/yao881.com\/index.php\/wp-json\/wp\/v2\/pages"}],"about":[{"href":"https:\/\/yao881.com\/index.php\/wp-json\/wp\/v2\/types\/page"}],"author":[{"embeddable":true,"href":"https:\/\/yao881.com\/index.php\/wp-json\/wp\/v2\/users\/1"}],"replies":[{"embeddable":true,"href":"https:\/\/yao881.com\/index.php\/wp-json\/wp\/v2\/comments?post=12"}],"version-history":[{"count":2,"href":"https:\/\/yao881.com\/index.php\/wp-json\/wp\/v2\/pages\/12\/revisions"}],"predecessor-version":[{"id":17,"href":"https:\/\/yao881.com\/index.php\/wp-json\/wp\/v2\/pages\/12\/revisions\/17"}],"wp:attachment":[{"href":"https:\/\/yao881.com\/index.php\/wp-json\/wp\/v2\/media?parent=12"}],"curies":[{"name":"wp","href":"https:\/\/api.w.org\/{rel}","templated":true}]}}